{"id":33524,"date":"2026-01-13T10:05:28","date_gmt":"2026-01-13T07:05:28","guid":{"rendered":"https:\/\/metallaxis.gr\/informativa-sui-cookie\/"},"modified":"2026-04-16T14:15:20","modified_gmt":"2026-04-16T11:15:20","slug":"informativa-sui-cookie","status":"publish","type":"page","link":"https:\/\/metallaxis.gr\/it\/informativa-sui-cookie\/","title":{"rendered":"Informativa sui cookie"},"content":{"rendered":"<div class=\"wpb-content-wrapper\"><p>[vc_row][vc_column][vc_column_text css=\"\"]<\/p>\n<div style=\"padding: 32px 0 18px 0; text-align: center; border-bottom: 3px solid #0ABAB5; margin-bottom: 22px;\">\n<h3 style=\"text-align: center; font-weight: bold; letter-spacing: 2px; text-transform: uppercase; color: #222; margin: 0;\">INFORMATIVA SUI COOKIE<\/h3>\n<p style=\"font-size: 14px; color: #777; margin-top: 10px; margin-bottom: 0;\">Cookie e politiche Tracker (Stealth Consent v4.2.0)<\/p>\n<\/div>\n<p>[\/vc_column_text][\/vc_column][\/vc_row][vc_row][vc_column][vc_column_text]<\/p>\n<p>[\/vc_column_text][\/vc_column][\/vc_row][vc_row][vc_column width=\"1\/2&#8243;][vc_column_text]<\/p>\n<div style=\"font-family: 'Open Sans', Helvetica, Arial, sans-serif; color: #444; line-height: 1.75; padding-bottom: 22px;\">\n<div style=\"margin-bottom: 24px;\">\n<h4 style=\"color: #333; margin-top: 0; font-weight: bold; border-left: 4px solid #0ABAB5; padding-left: 12px;\">1. Come funziona la gestione dei cookie<\/h4>\n<p style=\"text-align: justify; font-size: 14px; margin-bottom: 10px;\">Su <strong>metallaxis.gr<\/strong> i cookie e i \"tracker\" di terze parti non vengono attivati automaticamente. Prima che tu possa scegliere,<br \/>\nmantiene i nostri strumenti statistici e pubblicitari in <strong>uno<\/strong> stato <strong>inattivo<\/strong>. <\/p>\n<div style=\"background: #f6fffe; border: 1px solid rgba(10,186,181,0.35); padding: 12px 12px; border-radius: 6px; font-size: 13px; color: #035d5b;\"><strong>In parole povere:<\/strong> tutto ci\u00f2 che non \u00e8 necessario per il funzionamento dell&#8217;e-shop rimane spento fino a quando non dici \"s\u00ec\".<br \/>\n<span style=\"background: #0ABAB5; color: #fff; padding: 2px 6px; border-radius: 3px; font-size: 11px; font-weight: bold; margin-left: 6px;\">DEFAULT: OFF<\/span><\/div>\n<\/div>\n<div style=\"margin-bottom: 24px;\">\n<h4 style=\"color: #333; margin-top: 0; font-weight: bold; border-left: 4px solid #0ABAB5; padding-left: 12px;\">2. Categorie di cookie<\/h4>\n<div style=\"border: 1px solid #eee; border-radius: 6px; overflow: hidden;\">\n<div style=\"background: #0ABAB5; color: #fff; padding: 10px 14px; font-size: 13px; font-weight: bold;\">Cosa usiamo e perch\u00e9<\/div>\n<div style=\"background: #fff; padding: 12px 14px; font-size: 13px; color: #555;\">\n<div style=\"margin-bottom: 10px;\"><strong style=\"color: #222;\">Necessario<\/strong> &#8211; necessario per funzioni quali carrello, checkout, sicurezza del login.<\/div>\n<div style=\"margin-bottom: 10px;\"><strong style=\"color: #222;\">Statistiche (Analytics)<\/strong> &#8211; ci aiutano a capire come viene utilizzato il sito (senza \"rompere\" l&#8217;e-shop se le rifiuti).<\/div>\n<div><strong style=\"color: #222;\">Marketing<\/strong> &#8211; ad esempio campagne pubblicitarie\/misure, retargeting.<\/div>\n<\/div>\n<\/div>\n<p style=\"text-align: justify; font-size: 13px; color: #666; margin-top: 10px; margin-bottom: 0;\">Nota: se si utilizzano strumenti di tipo \"tag manager\", di solito sono configurati in modo da essere attivati solo dopo che \u00e8 stato dato il consenso corrispondente,<br \/>\nper evitare di caricare accidentalmente tag di terze parti.<\/p>\n<\/div>\n<div style=\"margin-bottom: 0;\">\n<h4 style=\"color: #333; margin-top: 0; font-weight: bold; border-left: 4px solid #0ABAB5; padding-left: 12px;\">3. Modalit\u00e0 di consenso Google v2 (quando si utilizza Google)<\/h4>\n<p style=\"font-size: 14px; margin-bottom: 10px; text-align: justify;\">Quando sono presenti i servizi di Google, il sito \"dichiara\" fin dall&#8217;inizio che il consenso per le statistiche\/pubblicit\u00e0 \u00e8 <strong>negativo<\/strong>,<br \/>\nfino a quando non sceglierai diversamente. In questo modo si evitano carichi indesiderati prima che tu faccia la tua scelta. <\/p>\n<div style=\"background: #f6fffe; border-left: 4px solid #0ABAB5; padding: 10px 12px; font-size: 13px; color: #035d5b; border-radius: 6px;\">L&#8217;aggiornamento della tua selezione viene applicato immediatamente dopo aver cliccato su <strong>Accetta<\/strong> \/ <strong>Rifiuta<\/strong> \/ <strong>Gestisci<\/strong>.<\/div>\n<\/div>\n<\/div>\n<p>[\/vc_column_text][\/vc_column][vc_column width=\"1\/2&#8243;][vc_column_text]<\/p>\n<div style=\"font-family: 'Open Sans', Helvetica, Arial, sans-serif; color: #444; line-height: 1.75; padding-bottom: 22px;\">\n<div style=\"margin-bottom: 24px;\">\n<h4 style=\"color: #333; margin-top: 0; font-weight: bold; border-left: 4px solid #0ABAB5; padding-left: 12px;\">4. Dove viene memorizzata la tua selezione<\/h4>\n<p style=\"text-align: justify; font-size: 14px; margin-bottom: 10px;\">La tua scelta viene salvata nel browser in modo che non ti venga chiesto ad ogni pagina. A seconda del contesto, viene utilizzato in modo intercambiabile: <\/p>\n<div style=\"display: grid; grid-template-columns: 1fr 1fr; gap: 12px;\">\n<div style=\"background: #fff; border: 1px solid #e0e0e0; border-top: 3px solid #0ABAB5; padding: 14px 10px; text-align: center; border-radius: 6px;\">\n<div style=\"font-size: 12px; font-weight: bold; color: #222;\">Deposito locale<\/div>\n<div style=\"font-size: 12px; color: #777; margin-top: 4px;\">opzione principale<\/div>\n<\/div>\n<div style=\"background: #fff; border: 1px solid #e0e0e0; border-top: 3px solid #6b7280; padding: 14px 10px; text-align: center; border-radius: 6px;\">\n<div style=\"font-size: 12px; font-weight: bold; color: #222;\">SessionStorage<\/div>\n<div style=\"font-size: 12px; color: #777; margin-top: 4px;\">in alternativa<\/div>\n<\/div>\n<div style=\"background: #fff; border: 1px solid #e0e0e0; border-top: 3px solid #111827; padding: 14px 10px; text-align: center; border-radius: 6px;\">\n<div style=\"font-size: 12px; font-weight: bold; color: #222;\">cookie sicuro<\/div>\n<div style=\"font-size: 12px; color: #777; margin-top: 4px;\">fallback<\/div>\n<\/div>\n<div style=\"background: #fff; border: 1px solid #e0e0e0; border-top: 3px solid #0ABAB5; padding: 14px 10px; text-align: center; border-radius: 6px;\">\n<div style=\"font-size: 12px; font-weight: bold; color: #222;\">In-Memory<\/div>\n<div style=\"font-size: 12px; color: #777; margin-top: 4px;\">ultima spiaggia<\/div>\n<\/div>\n<\/div>\n<p style=\"font-size: 12px; color: #666; margin-top: 10px; margin-bottom: 0;\">I tasti tecnici come <code>stealth_consent_choice<\/code>, <code>stealth_consent_time<\/code>, <code>stealth_consent_uuid<\/code> servono a \"ricordare\" la tua selezione.<\/p>\n<\/div>\n<div style=\"margin-bottom: 24px;\">\n<h4 style=\"color: #333; margin-top: 0; font-weight: bold; border-left: 4px solid #0ABAB5; padding-left: 12px;\">5. Ritiro del consenso (purificazione)<\/h4>\n<p style=\"text-align: justify; font-size: 14px; margin-bottom: 10px;\">Se l&#8217;utente cambia idea e rifiuta (o riduce) il consenso, si tenta di pulire i cookie\/la memoria di tracciamento.<\/p>\n<div style=\"background: #f6fffe; border: 1px solid rgba(10,186,181,0.35); padding: 12px; border-radius: 6px; font-size: 13px; color: #035d5b;\"><strong>Non tocchiamo<\/strong> i cookie che sono necessari per le operazioni di e-shop (ad esempio carrello, checkout, login).<\/div>\n<\/div>\n<div style=\"margin-bottom: 0;\">\n<h4 style=\"color: #333; margin-top: 0; font-weight: bold; border-left: 4px solid #0ABAB5; padding-left: 12px;\">6. Do Not Track e embed (es. YouTube)<\/h4>\n<p style=\"text-align: justify; font-size: 14px; margin-bottom: 10px;\">Se il tuo browser ha attivato la funzione <strong>Do Not Track<\/strong> e non c&#8217;\u00e8 un&#8217;opzione gi\u00e0 salvata, questo pu\u00f2 essere considerato come un&#8217;indicazione di una preferenza per la <strong>privacy<\/strong><br \/>\n(cio\u00e8 per scartare le cose non essenziali). Inoltre, gli embed (come i video) possono essere visualizzati con la funzione \"click-to-load\", in modo che vengano caricati solo se l&#8217;utente sceglie di farlo. <\/p>\n<div style=\"background: #0f172a; border-radius: 6px; padding: 12px; border-left: 4px solid #0ABAB5;\">\n<p style=\"font-size: 13px; color: #e5e7eb; margin: 0; font-family: monospace;\">DNT: 1 \u2192 indicazione: preferenza per la privacy<\/p>\n<\/div>\n<p style=\"font-size: 12px; color: #666; margin-top: 10px; margin-bottom: 0;\">Puoi modificare le opzioni in qualsiasi momento dal pulsante <strong>Gestisci<\/strong> del banner.<\/p>\n<\/div>\n<\/div>\n<p>[\/vc_column_text][\/vc_column][\/vc_row]<\/p>\n<\/div>","protected":false},"excerpt":{"rendered":"<p>[vc_row][vc_column][vc_column_text css=\"\"] INFORMATIVA SUI COOKIE Cookie e politiche Tracker (Stealth Consent v4.2.0) [\/vc_column_text][\/vc_column][\/vc_row][vc_row][vc_column][vc_column_text] [\/vc_column_text][\/vc_column][\/vc_row][vc_row][vc_column width=\"1\/2&#8243;][vc_column_text] 1. Come funziona la gestione<\/p>\n","protected":false},"author":1,"featured_media":0,"parent":0,"menu_order":0,"comment_status":"closed","ping_status":"closed","template":"","meta":{"footnotes":""},"class_list":["post-33524","page","type-page","status-publish","hentry"],"_links":{"self":[{"href":"https:\/\/metallaxis.gr\/it\/wp-json\/wp\/v2\/pages\/33524","targetHints":{"allow":["GET"]}}],"collection":[{"href":"https:\/\/metallaxis.gr\/it\/wp-json\/wp\/v2\/pages"}],"about":[{"href":"https:\/\/metallaxis.gr\/it\/wp-json\/wp\/v2\/types\/page"}],"author":[{"embeddable":true,"href":"https:\/\/metallaxis.gr\/it\/wp-json\/wp\/v2\/users\/1"}],"replies":[{"embeddable":true,"href":"https:\/\/metallaxis.gr\/it\/wp-json\/wp\/v2\/comments?post=33524"}],"version-history":[{"count":5,"href":"https:\/\/metallaxis.gr\/it\/wp-json\/wp\/v2\/pages\/33524\/revisions"}],"predecessor-version":[{"id":33541,"href":"https:\/\/metallaxis.gr\/it\/wp-json\/wp\/v2\/pages\/33524\/revisions\/33541"}],"wp:attachment":[{"href":"https:\/\/metallaxis.gr\/it\/wp-json\/wp\/v2\/media?parent=33524"}],"curies":[{"name":"wp","href":"https:\/\/api.w.org\/{rel}","templated":true}]}}