{"id":33549,"date":"2020-08-21T19:27:50","date_gmt":"2020-08-21T19:27:50","guid":{"rendered":"https:\/\/metallaxis.gr\/product\/splash-4\/"},"modified":"2020-08-21T19:27:50","modified_gmt":"2020-08-21T16:27:50","slug":"splash-4","status":"publish","type":"product","link":"https:\/\/metallaxis.gr\/it\/prodotto\/splash-4\/","title":{"rendered":"Splash"},"content":{"rendered":"<div class=\"kvgmc6g5 cxmmr5t8 oygrvhab hcukyx3x c1et5uql\">Ciondolo Splash.<\/div>\n<div>\n<div dir=\"auto\">Argento 925, placcato in platino.<\/div>\n<div dir=\"auto\">Catena placcata in argento e platino, lunghezza 55 \u03b5\u03ba\u03ba.<\/div>\n<div dir=\"auto\">Ciondolo in argento con ametista fatto a mano della serie Splash.<\/div>\n<div dir=\"auto\">\n<p>-L&#8217;ametista \u00e8 una variante violacea del quarzo minerale e viene utilizzata come pietra preziosa a scopo decorativo.<\/p>\n<p>-Inizia come quarzo trasparente, ma quando si trova in luoghi del mantello terrestre dove si sviluppano alte temperature e pressioni, diventa viola. Naturalmente, a seconda della variet\u00e0 della pietra, il viola pu\u00f2 sfiorare il nero, mentre in un altro taglio pu\u00f2 apparire completamente incolore. <\/p>\n<p>-Il nome deriva dall&#8217;astratto \"a\" e dal verbo \"ubriacarsi\" (mitho), poich\u00e9 nell&#8217;antichit\u00e0 si credeva che questa gemma proteggesse il suo proprietario dall&#8217;ubriachezza!<\/p>\n<p>-Nell&#8217;antichit\u00e0 era una delle pietre pi\u00f9 rare e preziose e il suo prezzo spesso raggiungeva o addirittura superava quello di un diamante! Il prezzo di questa pietra \u00e8 sceso quando sono stati scoperti enormi giacimenti in Sud America. <\/p>\n<p>Si dice che l&#8217;ametista sia la pietra della meditazione.<\/p>\n<p><strong>*Tutti i nostri gioielli sono accompagnati da una certificazione di qualit\u00e0 e autenticit\u00e0 del metallo e delle pietre preziose o semipreziose.<\/strong><br \/>\n<strong>*La preparazione dei tuoi ordini avviene nel rispetto di tutte le norme sanitarie.<\/strong><\/p>\n<\/div>\n<div dir=\"auto\"><strong>*Tutti i nostri gioielli sono privi di nichel.<\/strong><\/div>\n<\/div>\n","protected":false},"excerpt":{"rendered":"<p>Ciondolo con catena in argento sterling placcato con ametista.<\/p>\n<p>Gioielli unici in argento fatti a mano.<\/p>\n<p>31,20 gr.<\/p>\n","protected":false},"featured_media":32156,"template":"","meta":[],"product_brand":[],"product_cat":[26],"product_tag":[],"class_list":{"0":"post-33549","1":"product","2":"type-product","3":"status-publish","4":"has-post-thumbnail","6":"product_cat-accessories","8":"first","9":"instock","10":"taxable","11":"shipping-taxable","12":"purchasable","13":"product-type-simple"},"_links":{"self":[{"href":"https:\/\/metallaxis.gr\/it\/wp-json\/wp\/v2\/product\/33549","targetHints":{"allow":["GET"]}}],"collection":[{"href":"https:\/\/metallaxis.gr\/it\/wp-json\/wp\/v2\/product"}],"about":[{"href":"https:\/\/metallaxis.gr\/it\/wp-json\/wp\/v2\/types\/product"}],"wp:featuredmedia":[{"embeddable":true,"href":"https:\/\/metallaxis.gr\/it\/wp-json\/wp\/v2\/media\/32156"}],"wp:attachment":[{"href":"https:\/\/metallaxis.gr\/it\/wp-json\/wp\/v2\/media?parent=33549"}],"wp:term":[{"taxonomy":"product_brand","embeddable":true,"href":"https:\/\/metallaxis.gr\/it\/wp-json\/wp\/v2\/product_brand?post=33549"},{"taxonomy":"product_cat","embeddable":true,"href":"https:\/\/metallaxis.gr\/it\/wp-json\/wp\/v2\/product_cat?post=33549"},{"taxonomy":"product_tag","embeddable":true,"href":"https:\/\/metallaxis.gr\/it\/wp-json\/wp\/v2\/product_tag?post=33549"}],"curies":[{"name":"wp","href":"https:\/\/api.w.org\/{rel}","templated":true}]}}