{"id":33553,"date":"2020-08-21T19:29:01","date_gmt":"2020-08-21T19:29:01","guid":{"rendered":"https:\/\/metallaxis.gr\/product\/gabbia\/"},"modified":"2026-04-16T12:54:51","modified_gmt":"2026-04-16T09:54:51","slug":"gabbia","status":"publish","type":"product","link":"https:\/\/metallaxis.gr\/it\/prodotto\/gabbia\/","title":{"rendered":"Gabbia"},"content":{"rendered":"<div class=\"kvgmc6g5 cxmmr5t8 oygrvhab hcukyx3x c1et5uql\">\n<p>Orecchini a gabbia.<\/p>\n<div class=\"o9v6fnle cxmmr5t8 oygrvhab hcukyx3x c1et5uql ii04i59q\">\n<div dir=\"auto\">Argento 925, placcato in platino.<\/div>\n<div dir=\"auto\">Orecchini in argento 925 realizzati a mano con quarzo bianco sabbiato della serie Cage.<\/div>\n<div dir=\"auto\"><\/div>\n<\/div>\n<div class=\"o9v6fnle cxmmr5t8 oygrvhab hcukyx3x c1et5uql ii04i59q\">\n<div dir=\"auto\">-La Chalazia \u00e8 un minerale di silicio, nello specifico silice pura, il secondo minerale pi\u00f9 abbondante in natura.<\/div>\n<div dir=\"auto\"><\/div>\n<div dir=\"auto\">-Il nome deriva dalla parola \"halaza\" per la somiglianza del colore della comune chalazia con la grandine.<\/div>\n<div dir=\"auto\"><\/div>\n<div dir=\"auto\">-\u00c8 conosciuto a livello internazionale con il nome di \"Quarzo\", un termine che deriva dall&#8217;antica parola tedesca Quarz, di etimologia sconosciuta.<\/div>\n<div dir=\"auto\">Le diverse variet\u00e0 di Chalazia prendono il nome dal loro colore o dalla loro forma.<\/div>\n<div dir=\"auto\"><\/div>\n<div dir=\"auto\">-Il Quarzo Bianco \u00e8 considerato una fonte di luce fin dall&#8217;antichit\u00e0! Si tratta di un fenomeno cristallino unico nel suo genere perch\u00e9 contiene tutti gli spettri del colore ed \u00e8 per questo che, nel corso dei secoli, si dice che influisca su tutti i centri energetici umani. <\/div>\n<div dir=\"auto\"><\/div>\n<\/div>\n<div class=\"o9v6fnle cxmmr5t8 oygrvhab hcukyx3x c1et5uql ii04i59q\">\n<div dir=\"auto\"><strong>*Tutti i nostri gioielli sono accompagnati da una certificazione di qualit\u00e0 e autenticit\u00e0 del metallo e delle pietre preziose o semipreziose.<\/strong><\/div>\n<div dir=\"auto\"><strong>*Covid19: La preparazione dei tuoi ordini avviene nel rispetto di tutte le regole sanitarie.<\/strong><\/div>\n<div dir=\"auto\"><strong>*Tutti i nostri gioielli sono privi di nichel.<\/strong><\/div>\n<\/div>\n<p>&nbsp;<\/p>\n<\/div>\n<div class=\"o9v6fnle cxmmr5t8 oygrvhab hcukyx3x c1et5uql\"><\/div>\n","protected":false},"excerpt":{"rendered":"<p>Orecchini in argento 925 placcato con quarzo bianco sabbiato.<\/p>\n<p>Gioielli unici in argento fatti a mano.<\/p>\n<p>11,80 g.<\/p>\n","protected":false},"featured_media":32157,"template":"","meta":[],"product_brand":[],"product_cat":[26],"product_tag":[],"class_list":{"0":"post-33553","1":"product","2":"type-product","3":"status-publish","4":"has-post-thumbnail","6":"product_cat-accessories","8":"first","9":"instock","10":"taxable","11":"shipping-taxable","12":"purchasable","13":"product-type-simple"},"_links":{"self":[{"href":"https:\/\/metallaxis.gr\/it\/wp-json\/wp\/v2\/product\/33553","targetHints":{"allow":["GET"]}}],"collection":[{"href":"https:\/\/metallaxis.gr\/it\/wp-json\/wp\/v2\/product"}],"about":[{"href":"https:\/\/metallaxis.gr\/it\/wp-json\/wp\/v2\/types\/product"}],"wp:featuredmedia":[{"embeddable":true,"href":"https:\/\/metallaxis.gr\/it\/wp-json\/wp\/v2\/media\/32157"}],"wp:attachment":[{"href":"https:\/\/metallaxis.gr\/it\/wp-json\/wp\/v2\/media?parent=33553"}],"wp:term":[{"taxonomy":"product_brand","embeddable":true,"href":"https:\/\/metallaxis.gr\/it\/wp-json\/wp\/v2\/product_brand?post=33553"},{"taxonomy":"product_cat","embeddable":true,"href":"https:\/\/metallaxis.gr\/it\/wp-json\/wp\/v2\/product_cat?post=33553"},{"taxonomy":"product_tag","embeddable":true,"href":"https:\/\/metallaxis.gr\/it\/wp-json\/wp\/v2\/product_tag?post=33553"}],"curies":[{"name":"wp","href":"https:\/\/api.w.org\/{rel}","templated":true}]}}