{"id":33555,"date":"2020-08-21T19:38:39","date_gmt":"2020-08-21T19:38:39","guid":{"rendered":"https:\/\/metallaxis.gr\/product\/pioggia\/"},"modified":"2026-04-16T12:54:57","modified_gmt":"2026-04-16T09:54:57","slug":"pioggia","status":"publish","type":"product","link":"https:\/\/metallaxis.gr\/it\/prodotto\/pioggia\/","title":{"rendered":"Pioggia"},"content":{"rendered":"<div class=\"kvgmc6g5 cxmmr5t8 oygrvhab hcukyx3x c1et5uql\">Orecchini da pioggia.<\/div>\n<div>\n<div dir=\"auto\">Argento 925 placcato in platino.<\/div>\n<div dir=\"auto\">Orecchini in argento fatti a mano con pietre di ametista e acquamarina della serie Rain.<\/div>\n<div dir=\"auto\">\n<p>=L&#8217;ametista \u00e8 una variante violacea del quarzo minerale e viene utilizzata come pietra preziosa a scopo decorativo.<\/p>\n<p>All&#8217;inizio \u00e8 un quarzo trasparente, ma quando si trova in luoghi del mantello terrestre dove si sviluppano alte temperature e pressioni, diventa viola. Naturalmente, a seconda della variet\u00e0 della pietra, il viola pu\u00f2 raggiungere i limiti del nero, mentre in un altro taglio pu\u00f2 apparire completamente incolore.Il suo nome deriva dall&#8217;astratto \"a\" e dal verbo \"ubriacarsi\" (mitho), poich\u00e9 nell&#8217;antichit\u00e0 si credeva che questa pietra proteggesse il suo proprietario dall&#8217;ubriachezza!Nell&#8217;antichit\u00e0 era una delle pietre pi\u00f9 rare e preziose e il suo prezzo spesso eguagliava o superava quello di un diamante! Il prezzo di questa pietra \u00e8 sceso quando ne sono stati scoperti enormi giacimenti in Sud America. Si dice che l&#8217;ametista sia la pietra della meditazione.<\/p>\n<div dir=\"auto\">\n<div dir=\"auto\">-L&#8217;acquamarina \u00e8 una variante blu-verde del berillio.<\/div>\n<div dir=\"auto\">Il suo nome significa \"acqua di mare\" per via del suo colore.<\/div>\n<div dir=\"auto\">Per gli antichi greci era il gioiello di Poseidone che sfuggiva dai forzieri delle Nereidi.<\/div>\n<div dir=\"auto\">Nelle tradizioni popolari si ritiene che l&#8217;acuamarina dia a chi la indossa intuito, coraggio e felicit\u00e0!<\/div>\n<\/div>\n<p><strong>*Tutti i nostri gioielli sono accompagnati da una certificazione di qualit\u00e0 e autenticit\u00e0 del metallo e delle pietre preziose o semipreziose.<\/strong><br \/>\n<strong>*La preparazione dei tuoi ordini avviene nel rispetto di tutte le norme sanitarie.<\/strong><\/div>\n<div dir=\"auto\"><strong>*Tutti i nostri gioielli sono privi di nichel.<\/strong><\/div>\n<\/div>\n","protected":false},"excerpt":{"rendered":"<p>Orecchini in argento placcato con pietre minerali di ametista e acquamarina.<\/p>\n<p>Gioielli unici in argento fatti a mano.<\/p>\n<p>5,50 g.<\/p>\n","protected":false},"featured_media":32164,"template":"","meta":[],"product_brand":[],"product_cat":[26],"product_tag":[],"class_list":{"0":"post-33555","1":"product","2":"type-product","3":"status-publish","4":"has-post-thumbnail","6":"product_cat-accessories","8":"first","9":"instock","10":"taxable","11":"shipping-taxable","12":"purchasable","13":"product-type-simple"},"_links":{"self":[{"href":"https:\/\/metallaxis.gr\/it\/wp-json\/wp\/v2\/product\/33555","targetHints":{"allow":["GET"]}}],"collection":[{"href":"https:\/\/metallaxis.gr\/it\/wp-json\/wp\/v2\/product"}],"about":[{"href":"https:\/\/metallaxis.gr\/it\/wp-json\/wp\/v2\/types\/product"}],"wp:featuredmedia":[{"embeddable":true,"href":"https:\/\/metallaxis.gr\/it\/wp-json\/wp\/v2\/media\/32164"}],"wp:attachment":[{"href":"https:\/\/metallaxis.gr\/it\/wp-json\/wp\/v2\/media?parent=33555"}],"wp:term":[{"taxonomy":"product_brand","embeddable":true,"href":"https:\/\/metallaxis.gr\/it\/wp-json\/wp\/v2\/product_brand?post=33555"},{"taxonomy":"product_cat","embeddable":true,"href":"https:\/\/metallaxis.gr\/it\/wp-json\/wp\/v2\/product_cat?post=33555"},{"taxonomy":"product_tag","embeddable":true,"href":"https:\/\/metallaxis.gr\/it\/wp-json\/wp\/v2\/product_tag?post=33555"}],"curies":[{"name":"wp","href":"https:\/\/api.w.org\/{rel}","templated":true}]}}