{"id":33569,"date":"2020-08-21T19:39:43","date_gmt":"2020-08-21T19:39:43","guid":{"rendered":"https:\/\/metallaxis.gr\/product\/matassa\/"},"modified":"2020-08-21T19:39:43","modified_gmt":"2020-08-21T16:39:43","slug":"matassa","status":"publish","type":"product","link":"https:\/\/metallaxis.gr\/it\/prodotto\/matassa\/","title":{"rendered":"Matassa"},"content":{"rendered":"<div class=\"kvgmc6g5 cxmmr5t8 oygrvhab hcukyx3x c1et5uql\">Orecchini a matassa.<\/div>\n<div>\n<div dir=\"auto\">Argento 925 placcato in platino.<\/div>\n<div dir=\"auto\">Orecchini in argento fatti a mano con pietre di peridoto, agata e corniola della serie Skein.<\/div>\n<div dir=\"auto\">1) Il peridoto \u00e8 un minerale trasparente che ha il colore verde dell&#8217;olio d&#8217;oliva. Il suo nome deriva probabilmente dalla parola persiana faridat, che significa pietra preziosa. <\/div>\n<div dir=\"auto\">  Il peridoto era conosciuto fin dall&#8217;antichit\u00e0. Gli Egizi estraevano il peridoto dall&#8217;isola di Zebirget nel Mar Rosso. Queste miniere sono esistite fino al 1920.  <\/div>\n<div dir=\"auto\">  Era conosciuto anche nell&#8217;antica Grecia, ma lo chiamavano Topazio. I Romani conoscevano e utilizzavano il peridoto, che chiamavano \"smeraldo della notte\". <\/div>\n<div dir=\"auto\">  Il peridoto \u00e8 la qualit\u00e0 preziosa dell&#8217;olivina (talvolta chiamata crisolito), un minerale piuttosto comune. Ma \u00e8 piuttosto raro nei depositi di olivina. <\/div>\n<div dir=\"auto\">  \u00c8 una delle poche gemme che appaiono costantemente in un unico colore, tanto pi\u00f9 intenso quanto pi\u00f9 ferro \u00e8 presente come impurit\u00e0 nella sua massa.<\/div>\n<div dir=\"auto\">  La maggior quantit\u00e0 di peridoto viene estratta dalle miniere dell&#8217;Arizona, negli Stati Uniti, ma \u00e8 di qualit\u00e0 relativamente bassa. In Pakistan, in una zona impervia al confine con l&#8217;Afghanistan, ci sono miniere di peridoto di qualit\u00e0 eccellente: \u00e8 da qui che proviene il peridoto che viene commercializzato in tutto il mondo per l&#8217;alta gioielleria.<\/div>\n<div dir=\"auto\">  Un grande pezzo di peridoto decora il reliquiario dei Re Magi, situato nella Cattedrale di Colonia.<\/div>\n<div dir=\"auto\">  Nei tempi moderni, il peridoto \u00e8 costantemente richiesto dall&#8217;industria della gioielleria per il suo colore unico e le altre caratteristiche che lo rendono una gemma popolare.<\/div>\n<div dir=\"auto\"><\/div>\n<div dir=\"auto\">\n<p>2) L&#8217;agata appartiene ai minerali tectosilicati. \u00c8 considerata un minerale delle variet\u00e0 del calcedonio (forma microcristallina del quarzo) e si presenta in vari colori, il principale dei quali \u00e8 il bianco. In tutti i suoi colori, tuttavia, \u00e8 traslucida.  <\/p>\n<div dir=\"auto\">  Secondo Teofrasto, i Greci diedero a questo minerale il nome del fiume Agata (oggi Drilio) in Sicilia, dove lo trovarono.<\/div>\n<div dir=\"auto\">  L&#8217;agata era molto apprezzata come amuleto nell&#8217;antichit\u00e0. Inoltre, i calici di agata erano molto popolari nell&#8217;Impero Bizantino e durante il Rinascimento per gli aristocratici dell&#8217;epoca. <\/div>\n<div dir=\"auto\"><\/div>\n<\/div>\n<\/div>\n<div dir=\"auto\">3) Il corneolo (o corniola) \u00e8 un minerale di colore marrone rossastro comunemente usato come pietra semipreziosa. Si tratta di una variet\u00e0 di pietra calcedonio di un minerale contenente silice, colorato con ossido di ferro.<\/div>\n<div dir=\"auto\">  Il colore di Cornelius varia molto dall&#8217;arancione chiaro all&#8217;intenso, quasi nero.<\/div>\n<div dir=\"auto\">  La corniola \u00e8 stata conservata negli strati minoici dell&#8217;Et\u00e0 del Bronzo a Cnosso, a Creta, in una forma che dimostra che veniva utilizzata nelle arti decorative (1800 a.C.).<\/div>\n<div dir=\"auto\">  Il corneolo era ampiamente utilizzato in epoca romana per la creazione di vasi di gemme per gli anelli di sigillo utilizzati per imprimere un sigillo in cera sulla corrispondenza.<\/div>\n<div dir=\"auto\">  Il termine Corniola \u00e8 una corruzione del XVI secolo del termine Karnelian del XIV secolo.<\/div>\n<div dir=\"auto\">  La parola corneolo deriva dal latino medievale \"corneolus\" che deriva dal latino \"cornum\" che \u00e8 l&#8217;albero del rafano, una specie di ciliegio selvatico, i cui frutti rossi quasi trasparenti assomigliano a questa pietra.<\/div>\n<div dir=\"auto\">  Il corniolo \u00e8 considerato una pietra del rispetto e della fiducia in se stessi.<\/div>\n<div>\n<div dir=\"auto\">\n<p><strong>*Tutti i nostri gioielli sono accompagnati da una certificazione di qualit\u00e0 e autenticit\u00e0 del metallo e delle pietre preziose o semipreziose.<\/strong><br \/>\n<strong>*La preparazione dei tuoi ordini avviene nel rispetto di tutte le norme sanitarie.<\/strong><\/p>\n<\/div>\n<div dir=\"auto\"><strong>*Tutti i nostri gioielli sono privi di nichel.<\/strong><\/div>\n<\/div>\n<p>&nbsp;<\/p>\n","protected":false},"excerpt":{"rendered":"<p>Orecchini in argento placcato con pietre minerali di peridoto, agata e corniola.<\/p>\n<p>Gioielli unici in argento fatti a mano.<\/p>\n<p>4,80 gr.<\/p>\n","protected":false},"featured_media":32165,"template":"","meta":[],"product_brand":[],"product_cat":[26],"product_tag":[],"class_list":{"0":"post-33569","1":"product","2":"type-product","3":"status-publish","4":"has-post-thumbnail","6":"product_cat-accessories","8":"first","9":"instock","10":"taxable","11":"shipping-taxable","12":"purchasable","13":"product-type-simple"},"_links":{"self":[{"href":"https:\/\/metallaxis.gr\/it\/wp-json\/wp\/v2\/product\/33569","targetHints":{"allow":["GET"]}}],"collection":[{"href":"https:\/\/metallaxis.gr\/it\/wp-json\/wp\/v2\/product"}],"about":[{"href":"https:\/\/metallaxis.gr\/it\/wp-json\/wp\/v2\/types\/product"}],"wp:featuredmedia":[{"embeddable":true,"href":"https:\/\/metallaxis.gr\/it\/wp-json\/wp\/v2\/media\/32165"}],"wp:attachment":[{"href":"https:\/\/metallaxis.gr\/it\/wp-json\/wp\/v2\/media?parent=33569"}],"wp:term":[{"taxonomy":"product_brand","embeddable":true,"href":"https:\/\/metallaxis.gr\/it\/wp-json\/wp\/v2\/product_brand?post=33569"},{"taxonomy":"product_cat","embeddable":true,"href":"https:\/\/metallaxis.gr\/it\/wp-json\/wp\/v2\/product_cat?post=33569"},{"taxonomy":"product_tag","embeddable":true,"href":"https:\/\/metallaxis.gr\/it\/wp-json\/wp\/v2\/product_tag?post=33569"}],"curies":[{"name":"wp","href":"https:\/\/api.w.org\/{rel}","templated":true}]}}