{"id":33577,"date":"2020-08-21T19:32:08","date_gmt":"2020-08-21T19:32:08","guid":{"rendered":"https:\/\/metallaxis.gr\/product\/pizzo\/"},"modified":"2020-08-21T19:32:08","modified_gmt":"2020-08-21T16:32:08","slug":"pizzo","status":"publish","type":"product","link":"https:\/\/metallaxis.gr\/it\/prodotto\/pizzo\/","title":{"rendered":"Pizzo"},"content":{"rendered":"<p>Orecchini con clip in pizzo.<\/p>\n<p>Argento 925, placcato oro con pietra di luna.<\/p>\n<p>Orecchini a clip in argento placcato oro con pietra di luna della serie Lace.<\/p>\n<p>La pietra di luna \u00e8 un silicato di sodio e potassio del gruppo dei feldspati.<\/p>\n<p>Si tratta di una gemma traslucida, un feldspato ortoclasio che ha una luminosit\u00e0 perlacea.<\/p>\n<p>Il bagliore caratteristico della Pietra di Luna \u00e8 noto come Shiller o adularescenza ed \u00e8 causato dalla crescita al suo interno di due diversi tipi di astri con diversi tipi di rifrazione.<\/p>\n<p>\u00c8 disponibile in una variet\u00e0 di colori che vanno dall&#8217;incolore al grigio, al marrone, al giallo, al verde o al rosa.<\/p>\n<p>La pietra di luna \u00e8 stata utilizzata in gioielleria per millenni, anche da culture antiche. Nella storia pi\u00f9 recente, la pietra di luna \u00e8 diventata popolare durante il periodo dell&#8217;Art Nouveau. <\/p>\n<p>Si dice che la pietra di luna porti fortuna.<\/p>\n<div dir=\"auto\"><strong>*Tutti i nostri gioielli sono accompagnati da una certificazione di qualit\u00e0 e autenticit\u00e0 del metallo e delle pietre preziose o semipreziose.<\/strong><\/div>\n<div dir=\"auto\"><strong>*Covid19:La preparazione dei tuoi ordini avviene nel rispetto di tutte le norme sanitarie.<\/strong><\/div>\n<div dir=\"auto\"><strong>* Tutti i nostri gioielli sono privi di nichel.<\/strong><\/div>\n","protected":false},"excerpt":{"rendered":"<p>Orecchini in argento 925 placcato oro con pietra di luna. Tutte le superfici hanno una finitura lucida. <\/p>\n<p>Gioielli d&#8217;argento unici fatti a mano.<\/p>\n<p>4,20 g.<\/p>\n","protected":false},"featured_media":32159,"template":"","meta":[],"product_brand":[],"product_cat":[26],"product_tag":[],"class_list":{"0":"post-33577","1":"product","2":"type-product","3":"status-publish","4":"has-post-thumbnail","6":"product_cat-accessories","8":"first","9":"onbackorder","10":"taxable","11":"shipping-taxable","12":"purchasable","13":"product-type-simple"},"_links":{"self":[{"href":"https:\/\/metallaxis.gr\/it\/wp-json\/wp\/v2\/product\/33577","targetHints":{"allow":["GET"]}}],"collection":[{"href":"https:\/\/metallaxis.gr\/it\/wp-json\/wp\/v2\/product"}],"about":[{"href":"https:\/\/metallaxis.gr\/it\/wp-json\/wp\/v2\/types\/product"}],"wp:featuredmedia":[{"embeddable":true,"href":"https:\/\/metallaxis.gr\/it\/wp-json\/wp\/v2\/media\/32159"}],"wp:attachment":[{"href":"https:\/\/metallaxis.gr\/it\/wp-json\/wp\/v2\/media?parent=33577"}],"wp:term":[{"taxonomy":"product_brand","embeddable":true,"href":"https:\/\/metallaxis.gr\/it\/wp-json\/wp\/v2\/product_brand?post=33577"},{"taxonomy":"product_cat","embeddable":true,"href":"https:\/\/metallaxis.gr\/it\/wp-json\/wp\/v2\/product_cat?post=33577"},{"taxonomy":"product_tag","embeddable":true,"href":"https:\/\/metallaxis.gr\/it\/wp-json\/wp\/v2\/product_tag?post=33577"}],"curies":[{"name":"wp","href":"https:\/\/api.w.org\/{rel}","templated":true}]}}