{"id":33639,"date":"2023-01-16T11:40:14","date_gmt":"2023-01-16T11:40:14","guid":{"rendered":"https:\/\/metallaxis.gr\/product\/rosario-3\/"},"modified":"2023-01-16T11:40:14","modified_gmt":"2023-01-16T08:40:14","slug":"rosario-3","status":"publish","type":"product","link":"https:\/\/metallaxis.gr\/it\/prodotto\/rosario-3\/","title":{"rendered":"Rosario"},"content":{"rendered":"<p>Anello di Rosario.<br \/>\nArgento 925 placcato oro.<\/p>\n<p>Anello in argento fatto a mano con ematite colorata (Hemitat) della serie Rosario.<\/p>\n<p>-L&#8217;ematite \u00e8 un minerale che, nella sua composizione chimica, \u00e8 un ossido di ferro. \u00c8 un minerale opaco, ha una lucentezza metallica e un colore che va dal grigio-argento al nero.<\/p>\n<p>-Il nome ha origine greca ed \u00e8 dovuto non al colore del minerale, che \u00e8 grigio scuro, ma al colore del grammo di polvere (la polvere quando viene strofinata), che \u00e8 rosso, cio\u00e8 il colore del sangue.<\/p>\n<p>-Viene utilizzato per la creazione di gioielli fin dal 3000 a.C..<\/p>\n<p>-Gli Egizi scolpivano scarabei su ematite, nota anche ai Cretesi, ai Micenei e agli antichi Greci.<\/p>\n<p>-\u00c8 un minerale tipico delle miniere di ferro e si trova in molte aree del mondo.<\/p>\n<div dir=\"auto\"><strong>*Tutti i nostri gioielli sono accompagnati da una certificazione di qualit\u00e0 e autenticit\u00e0 del metallo e delle pietre preziose o semipreziose.<\/strong><br \/>\n<strong>*La preparazione dei tuoi ordini avviene nel rispetto di tutte le norme sanitarie.<\/strong><\/div>\n<div dir=\"auto\"><strong>*Tutti i nostri gioielli sono privi di nichel.<\/strong><\/div>\n<div dir=\"auto\"><\/div>\n<p>&nbsp;<\/p>\n","protected":false},"excerpt":{"rendered":"<div class=\"kvgmc6g5 cxmmr5t8 oygrvhab hcukyx3x c1et5uql\">\n<p>Anello in argento 925 placcato oro con ematite colorata (Hemitat).<\/p>\n<p>Tutte le superfici sono laccate.<\/p>\n<\/div>\n<p>Gioielli d&#8217;argento unici fatti a mano.<\/p>\n<p>7,00 g.<\/p>\n","protected":false},"featured_media":32326,"template":"","meta":[],"product_brand":[],"product_cat":[103],"product_tag":[],"class_list":{"0":"post-33639","1":"product","2":"type-product","3":"status-publish","4":"has-post-thumbnail","6":"product_cat-anelli","8":"first","9":"instock","10":"taxable","11":"shipping-taxable","12":"purchasable","13":"product-type-variable"},"_links":{"self":[{"href":"https:\/\/metallaxis.gr\/it\/wp-json\/wp\/v2\/product\/33639","targetHints":{"allow":["GET"]}}],"collection":[{"href":"https:\/\/metallaxis.gr\/it\/wp-json\/wp\/v2\/product"}],"about":[{"href":"https:\/\/metallaxis.gr\/it\/wp-json\/wp\/v2\/types\/product"}],"wp:featuredmedia":[{"embeddable":true,"href":"https:\/\/metallaxis.gr\/it\/wp-json\/wp\/v2\/media\/32326"}],"wp:attachment":[{"href":"https:\/\/metallaxis.gr\/it\/wp-json\/wp\/v2\/media?parent=33639"}],"wp:term":[{"taxonomy":"product_brand","embeddable":true,"href":"https:\/\/metallaxis.gr\/it\/wp-json\/wp\/v2\/product_brand?post=33639"},{"taxonomy":"product_cat","embeddable":true,"href":"https:\/\/metallaxis.gr\/it\/wp-json\/wp\/v2\/product_cat?post=33639"},{"taxonomy":"product_tag","embeddable":true,"href":"https:\/\/metallaxis.gr\/it\/wp-json\/wp\/v2\/product_tag?post=33639"}],"curies":[{"name":"wp","href":"https:\/\/api.w.org\/{rel}","templated":true}]}}