{"id":33643,"date":"2022-11-01T19:56:38","date_gmt":"2022-11-01T19:56:38","guid":{"rendered":"https:\/\/metallaxis.gr\/product\/rosario-4\/"},"modified":"2022-11-01T19:56:38","modified_gmt":"2022-11-01T16:56:38","slug":"rosario-4","status":"publish","type":"product","link":"https:\/\/metallaxis.gr\/it\/prodotto\/rosario-4\/","title":{"rendered":"Rosario"},"content":{"rendered":"<p>Orecchini Rosario.<br \/>\nArgento 925 placcato in platino.<\/p>\n<p>Cerchi in argento fatti a mano con ematite colorata della serie Rosario.<\/p>\n<p>L&#8217;ematite \u00e8 un minerale la cui composizione chimica \u00e8 l&#8217;ossido di ferro. \u00c8 un minerale opaco, ha una lucentezza metallica e un colore che va dal grigio-argento al nero.<\/p>\n<p>-Il nome ha origine greca ed \u00e8 dovuto non al colore del minerale, che \u00e8 grigio scuro, ma al colore del grammo di polvere (la polvere quando viene strofinata), che \u00e8 rosso, cio\u00e8 il colore del sangue.<\/p>\n<p>-Viene utilizzato per la creazione di gioielli fin dal 3000 a.C..<\/p>\n<p>-Gli Egizi scolpivano scarabei su ematite, nota anche ai Cretesi, ai Micenei e agli antichi Greci.<\/p>\n<p>-\u00c8 un minerale tipico delle miniere di ferro e si trova in molte aree del mondo.<\/p>\n<p>&nbsp;<\/p>\n<div dir=\"auto\"><strong>*Tutti i nostri gioielli sono accompagnati da una certificazione di qualit\u00e0 e autenticit\u00e0 del metallo e delle pietre preziose o semipreziose.<\/strong><br \/>\n<strong>*La preparazione dei tuoi ordini avviene nel rispetto di tutte le norme sanitarie.<\/strong><\/div>\n<div dir=\"auto\"><strong>*Tutti i nostri gioielli sono privi di nichel.<\/strong><\/div>\n<div dir=\"auto\"><\/div>\n<p>&nbsp;<\/p>\n","protected":false},"excerpt":{"rendered":"<div class=\"kvgmc6g5 cxmmr5t8 oygrvhab hcukyx3x c1et5uql\">\n<p>Orecchini in argento 925 placcato con ematite colorata.<\/p>\n<p>Tutte le superfici hanno una finitura opaca.<\/p>\n<\/div>\n<p>Gioielli d&#8217;argento unici fatti a mano.<\/p>\n<p>10,50 g.<\/p>\n","protected":false},"featured_media":32300,"template":"","meta":[],"product_brand":[],"product_cat":[101],"product_tag":[],"class_list":{"0":"post-33643","1":"product","2":"type-product","3":"status-publish","4":"has-post-thumbnail","6":"product_cat-orecchini","8":"first","9":"instock","10":"taxable","11":"shipping-taxable","12":"purchasable","13":"product-type-simple"},"_links":{"self":[{"href":"https:\/\/metallaxis.gr\/it\/wp-json\/wp\/v2\/product\/33643","targetHints":{"allow":["GET"]}}],"collection":[{"href":"https:\/\/metallaxis.gr\/it\/wp-json\/wp\/v2\/product"}],"about":[{"href":"https:\/\/metallaxis.gr\/it\/wp-json\/wp\/v2\/types\/product"}],"wp:featuredmedia":[{"embeddable":true,"href":"https:\/\/metallaxis.gr\/it\/wp-json\/wp\/v2\/media\/32300"}],"wp:attachment":[{"href":"https:\/\/metallaxis.gr\/it\/wp-json\/wp\/v2\/media?parent=33643"}],"wp:term":[{"taxonomy":"product_brand","embeddable":true,"href":"https:\/\/metallaxis.gr\/it\/wp-json\/wp\/v2\/product_brand?post=33643"},{"taxonomy":"product_cat","embeddable":true,"href":"https:\/\/metallaxis.gr\/it\/wp-json\/wp\/v2\/product_cat?post=33643"},{"taxonomy":"product_tag","embeddable":true,"href":"https:\/\/metallaxis.gr\/it\/wp-json\/wp\/v2\/product_tag?post=33643"}],"curies":[{"name":"wp","href":"https:\/\/api.w.org\/{rel}","templated":true}]}}