{"id":33675,"date":"2020-08-21T20:18:45","date_gmt":"2020-08-21T20:18:45","guid":{"rendered":"https:\/\/metallaxis.gr\/product\/torpeado-3\/"},"modified":"2020-08-21T20:18:45","modified_gmt":"2020-08-21T17:18:45","slug":"torpeado-3","status":"publish","type":"product","link":"https:\/\/metallaxis.gr\/it\/prodotto\/torpeado-3\/","title":{"rendered":"Torpeado"},"content":{"rendered":"<div>Orecchini Torpeado.<\/div>\n<div>\n<p>Argento 925 placcato in platino.<\/p>\n<p>Orecchini in argento fatti a mano con pietre minerali di tormalina della serie Torpeado.<\/p>\n<div dir=\"auto\">  -La tormalina \u00e8 un materiale ciclosilicato il cui nome deriva dalla parola sinalese tourmali o touramali che caratterizzava le pietre semipreziose (soprattutto zirconi) dello Sri Lanka. All&#8217;inizio del XIX secolo, tuttavia, si scopr\u00ec che alcuni \"zirconi\" erano in realt\u00e0 un altro minerale, a cui venne dato il nome di tormalina. <\/div>\n<div dir=\"auto\">  -La leggenda narra che quando la tormalina comp\u00ec il lungo viaggio dal centro della terra alla sua superficie, incontr\u00f2 l&#8217;arcobaleno sul suo cammino e port\u00f2 con s\u00e9 tutti i suoi colori. Non esiste un altro minerale sulla terra che con trasparenza, durezza e purezza presenti tutti questi colori e bellissime combinazioni di due o tre colori. <\/div>\n<div dir=\"auto\">  -Le infinite facce di questa pietra hanno da tempo indotto le persone a credere che sia magica.<\/div>\n<div dir=\"auto\"><\/div>\n<div class=\"kvgmc6g5 cxmmr5t8 oygrvhab hcukyx3x c1et5uql ii04i59q\">\n<div dir=\"auto\"><strong>*Tutti i nostri gioielli sono accompagnati da una certificazione di qualit\u00e0 e autenticit\u00e0 del metallo e delle pietre preziose o semipreziose.<\/strong><\/div>\n<\/div>\n<div class=\"o9v6fnle cxmmr5t8 oygrvhab hcukyx3x c1et5uql ii04i59q\">\n<div dir=\"auto\">\n<p><strong>*Covid19: La preparazione dei tuoi ordini avviene nel rispetto di tutte le regole sanitarie.<\/strong><\/p>\n<p><strong>*Tutti i nostri gioielli sono privi di nichel.<\/strong><\/p>\n<\/div>\n<\/div>\n<\/div>\n<div class=\"o9v6fnle cxmmr5t8 oygrvhab hcukyx3x c1et5uql\"><\/div>\n","protected":false},"excerpt":{"rendered":"<p>Orecchini in argento placcato con pietre minerali di tormalina.<\/p>\n<p>Gioielli unici in argento fatti a mano.<\/p>\n<p>6,60 g.<\/p>\n","protected":false},"featured_media":32189,"template":"","meta":[],"product_brand":[],"product_cat":[101],"product_tag":[],"class_list":{"0":"post-33675","1":"product","2":"type-product","3":"status-publish","4":"has-post-thumbnail","6":"product_cat-orecchini","8":"first","9":"instock","10":"taxable","11":"shipping-taxable","12":"purchasable","13":"product-type-simple"},"_links":{"self":[{"href":"https:\/\/metallaxis.gr\/it\/wp-json\/wp\/v2\/product\/33675","targetHints":{"allow":["GET"]}}],"collection":[{"href":"https:\/\/metallaxis.gr\/it\/wp-json\/wp\/v2\/product"}],"about":[{"href":"https:\/\/metallaxis.gr\/it\/wp-json\/wp\/v2\/types\/product"}],"wp:featuredmedia":[{"embeddable":true,"href":"https:\/\/metallaxis.gr\/it\/wp-json\/wp\/v2\/media\/32189"}],"wp:attachment":[{"href":"https:\/\/metallaxis.gr\/it\/wp-json\/wp\/v2\/media?parent=33675"}],"wp:term":[{"taxonomy":"product_brand","embeddable":true,"href":"https:\/\/metallaxis.gr\/it\/wp-json\/wp\/v2\/product_brand?post=33675"},{"taxonomy":"product_cat","embeddable":true,"href":"https:\/\/metallaxis.gr\/it\/wp-json\/wp\/v2\/product_cat?post=33675"},{"taxonomy":"product_tag","embeddable":true,"href":"https:\/\/metallaxis.gr\/it\/wp-json\/wp\/v2\/product_tag?post=33675"}],"curies":[{"name":"wp","href":"https:\/\/api.w.org\/{rel}","templated":true}]}}