{"id":33799,"date":"2020-08-21T17:39:27","date_gmt":"2020-08-21T17:39:27","guid":{"rendered":"https:\/\/metallaxis.gr\/product\/spirale-exagono-micro\/"},"modified":"2020-08-21T17:39:27","modified_gmt":"2020-08-21T14:39:27","slug":"spirale-exagono-micro","status":"publish","type":"product","link":"https:\/\/metallaxis.gr\/it\/prodotto\/spirale-exagono-micro\/","title":{"rendered":"Spirale Exagono Micro"},"content":{"rendered":"<p>Orecchini Spiral Exagono Mikro.<\/p>\n<div class=\"o9v6fnle cxmmr5t8 oygrvhab hcukyx3x c1et5uql ii04i59q\">\n<p>Argento 925 placcato in platino.<\/p>\n<p>Orecchini in argento fatti a mano con agata nera della serie Spiral Exagono Mikro.<\/p>\n<div dir=\"auto\">  -L&#8217;acetato appartiene ai minerali tectosilicati. \u00c8 considerato un minerale nelle variet\u00e0 del calcedonio (forma microcristallina del quarzo) e si presenta in vari colori, il principale dei quali \u00e8 il bianco. In tutti i suoi colori, tuttavia, \u00e8 traslucido.  <\/div>\n<div dir=\"auto\">  -Secondo Teofrasto, i Greci diedero a questo minerale il nome del fiume Agata (oggi Drilio) in Sicilia, dove lo trovarono.<\/div>\n<div dir=\"auto\">  -L&#8217;agata era molto apprezzata come amuleto nell&#8217;antichit\u00e0. Inoltre, i calici di agata erano molto popolari nell&#8217;Impero Bizantino e durante il Rinascimento per gli aristocratici dell&#8217;epoca. <\/div>\n<div dir=\"auto\"><\/div>\n<\/div>\n<div class=\"o9v6fnle cxmmr5t8 oygrvhab hcukyx3x c1et5uql ii04i59q\">\n<div dir=\"auto\"><strong>*Tutti i nostri gioielli sono accompagnati da una certificazione di qualit\u00e0 e autenticit\u00e0 del metallo e delle pietre preziose o semipreziose.<\/strong><\/div>\n<\/div>\n<div dir=\"auto\"><strong>*Covid19: La preparazione dei tuoi ordini avviene nel rispetto di tutte le regole sanitarie.<\/strong><\/div>\n<div dir=\"auto\"><strong>*Tutti i nostri gioielli sono privi di nichel.<\/strong><\/div>\n<p>&nbsp;<\/p>\n","protected":false},"excerpt":{"rendered":"<p>Orecchini in argento 925 placcato con agata nera.<\/p>\n<p>Gioielli d&#8217;argento unici fatti a mano.<\/p>\n<p>6,70 g.<\/p>\n<div id=\"gtx-trans\" style=\"position: absolute; left: -9px; top: 78px;\">\n<div class=\"gtx-trans-icon\"><\/div>\n<\/div>\n","protected":false},"featured_media":32106,"template":"","meta":[],"product_brand":[],"product_cat":[101],"product_tag":[],"class_list":{"0":"post-33799","1":"product","2":"type-product","3":"status-publish","4":"has-post-thumbnail","6":"product_cat-orecchini","8":"first","9":"instock","10":"taxable","11":"shipping-taxable","12":"purchasable","13":"product-type-simple"},"_links":{"self":[{"href":"https:\/\/metallaxis.gr\/it\/wp-json\/wp\/v2\/product\/33799","targetHints":{"allow":["GET"]}}],"collection":[{"href":"https:\/\/metallaxis.gr\/it\/wp-json\/wp\/v2\/product"}],"about":[{"href":"https:\/\/metallaxis.gr\/it\/wp-json\/wp\/v2\/types\/product"}],"wp:featuredmedia":[{"embeddable":true,"href":"https:\/\/metallaxis.gr\/it\/wp-json\/wp\/v2\/media\/32106"}],"wp:attachment":[{"href":"https:\/\/metallaxis.gr\/it\/wp-json\/wp\/v2\/media?parent=33799"}],"wp:term":[{"taxonomy":"product_brand","embeddable":true,"href":"https:\/\/metallaxis.gr\/it\/wp-json\/wp\/v2\/product_brand?post=33799"},{"taxonomy":"product_cat","embeddable":true,"href":"https:\/\/metallaxis.gr\/it\/wp-json\/wp\/v2\/product_cat?post=33799"},{"taxonomy":"product_tag","embeddable":true,"href":"https:\/\/metallaxis.gr\/it\/wp-json\/wp\/v2\/product_tag?post=33799"}],"curies":[{"name":"wp","href":"https:\/\/api.w.org\/{rel}","templated":true}]}}