{"id":33851,"date":"2020-08-21T18:44:51","date_gmt":"2020-08-21T18:44:51","guid":{"rendered":"https:\/\/metallaxis.gr\/product\/lecca-lecca-3\/"},"modified":"2020-08-21T18:44:51","modified_gmt":"2020-08-21T15:44:51","slug":"lecca-lecca-3","status":"publish","type":"product","link":"https:\/\/metallaxis.gr\/it\/prodotto\/lecca-lecca-3\/","title":{"rendered":"Lecca-lecca"},"content":{"rendered":"<p>Ciondolo a forma di lecca-lecca.<\/p>\n<div class=\"o9v6fnle cxmmr5t8 oygrvhab hcukyx3x c1et5uql ii04i59q\">\n<div dir=\"auto\">Argento 925, placcato in platino.<\/div>\n<div dir=\"auto\">Cordone cerato 45ec. colore rosso. <\/div>\n<div dir=\"auto\"><\/div>\n<\/div>\n<div class=\"o9v6fnle cxmmr5t8 oygrvhab hcukyx3x c1et5uql ii04i59q\">\n<div dir=\"auto\">Collana in argento fatta a mano con agata rossa sabbiata della serie Lollipop.<\/div>\n<div dir=\"auto\"><\/div>\n<div dir=\"auto\">-L&#8217;acetato appartiene ai minerali di tectopirite. \u00c8 considerato un minerale delle variet\u00e0 di calcedonio (forma microcristallina del quarzo) e si presenta in vari colori, il principale dei quali \u00e8 il bianco. In tutti i suoi colori, tuttavia, \u00e8 traslucido.  <\/div>\n<div dir=\"auto\"><\/div>\n<div dir=\"auto\">-Secondo Teofrasto, i Greci diedero a questo minerale il nome del fiume Agata (oggi Drilio) in Sicilia, dove lo trovarono.<\/div>\n<div dir=\"auto\">L&#8217;agata era molto apprezzata come amuleto nell&#8217;antichit\u00e0. Inoltre, i calici di agata erano molto popolari nell&#8217;Impero Bizantino e durante il Rinascimento per gli aristocratici dell&#8217;epoca. <\/div>\n<div dir=\"auto\"><\/div>\n<div dir=\"auto\">-Si dice che l&#8217;Agata rossa scacci la rabbia e crei un senso di sicurezza.<\/div>\n<div dir=\"auto\"><\/div>\n<div dir=\"auto\"><strong>*Tutti i nostri gioielli sono accompagnati da una certificazione di qualit\u00e0 e autenticit\u00e0 del metallo e delle pietre preziose o semipreziose.<\/strong><\/div>\n<div dir=\"auto\"><strong>*Covid19: La preparazione dei tuoi ordini avviene nel rispetto di tutte le regole sanitarie.<\/strong><\/div>\n<div dir=\"auto\"><strong>*Tutti i nostri gioielli sono privi di nichel.<\/strong><\/div>\n<\/div>\n","protected":false},"excerpt":{"rendered":"<p>Ciondolo con cordino cerato in argento sterling, placcato in platino, abbinato alla pietra minerale Agata rossa sabbiata.<\/p>\n<p>Gioielli in argento unici fatti a mano.<\/p>\n<p>2,80 g.<\/p>\n","protected":false},"featured_media":32139,"template":"","meta":[],"product_brand":[],"product_cat":[102],"product_tag":[],"class_list":{"0":"post-33851","1":"product","2":"type-product","3":"status-publish","4":"has-post-thumbnail","6":"product_cat-ciondoli-collane","8":"first","9":"instock","10":"taxable","11":"shipping-taxable","12":"purchasable","13":"product-type-simple"},"_links":{"self":[{"href":"https:\/\/metallaxis.gr\/it\/wp-json\/wp\/v2\/product\/33851","targetHints":{"allow":["GET"]}}],"collection":[{"href":"https:\/\/metallaxis.gr\/it\/wp-json\/wp\/v2\/product"}],"about":[{"href":"https:\/\/metallaxis.gr\/it\/wp-json\/wp\/v2\/types\/product"}],"wp:featuredmedia":[{"embeddable":true,"href":"https:\/\/metallaxis.gr\/it\/wp-json\/wp\/v2\/media\/32139"}],"wp:attachment":[{"href":"https:\/\/metallaxis.gr\/it\/wp-json\/wp\/v2\/media?parent=33851"}],"wp:term":[{"taxonomy":"product_brand","embeddable":true,"href":"https:\/\/metallaxis.gr\/it\/wp-json\/wp\/v2\/product_brand?post=33851"},{"taxonomy":"product_cat","embeddable":true,"href":"https:\/\/metallaxis.gr\/it\/wp-json\/wp\/v2\/product_cat?post=33851"},{"taxonomy":"product_tag","embeddable":true,"href":"https:\/\/metallaxis.gr\/it\/wp-json\/wp\/v2\/product_tag?post=33851"}],"curies":[{"name":"wp","href":"https:\/\/api.w.org\/{rel}","templated":true}]}}