{"id":33987,"date":"2020-07-24T17:25:40","date_gmt":"2020-07-24T14:25:40","guid":{"rendered":"https:\/\/metallaxis.gr\/product\/farfalla-3\/"},"modified":"2026-04-17T10:57:04","modified_gmt":"2026-04-17T07:57:04","slug":"farfalla-3","status":"publish","type":"product","link":"https:\/\/metallaxis.gr\/it\/prodotto\/farfalla-3\/","title":{"rendered":"Farfalla"},"content":{"rendered":"<div dir=\"auto\">Bracciale a farfalla.<\/div>\n<div dir=\"auto\">Argento 925, placcato in platino.<\/div>\n<div dir=\"auto\">\n<p>Gioielli originali in argento fatti a mano.<\/p>\n<p>Bracciale in argento fatto a mano con smalto a freddo della serie Butterfly.<\/p>\n<div class=\"flex-shrink-0 flex flex-col relative items-end\">\n<div>\n<div class=\"pt-0\">\n<div class=\"gizmo-bot-avatar flex h-8 w-8 items-center justify-center overflow-hidden rounded-full\">\n<div class=\"relative p-1 rounded-sm flex items-center justify-center bg-token-main-surface-primary text-token-text-primary h-8 w-8\">Il bracciale Metallaxis \"Butterfly\" \u00e8 un elegante bracciale artigianale in argento 925, placcato in platino per una finitura brillante e duratura. Decorato con smalto a freddo colorato, unisce eleganza e originalit\u00e0, offrendo un design unico che si distingue per la sensibilit\u00e0 e l&#8217;attenzione ai dettagli. Con un peso di 17 grammi, \u00e8 privo di nichel per garantire sicurezza e comfort. Ogni pezzo \u00e8 accompagnato da una certificazione di qualit\u00e0 e autenticit\u00e0.   <\/div>\n<\/div>\n<\/div>\n<\/div>\n<\/div>\n<p><strong>*Tutti i nostri gioielli sono accompagnati da una certificazione di qualit\u00e0 e autenticit\u00e0 del metallo e delle pietre preziose o semipreziose.<\/strong><\/p>\n<\/div>\n<div dir=\"auto\">\n<div dir=\"auto\"><strong>*La preparazione dei tuoi ordini avviene nel rispetto di tutte le norme sanitarie.<\/strong><\/div>\n<div dir=\"auto\"><strong>*Tutti i nostri gioielli sono privi di nichel.<\/strong><\/div>\n<\/div>\n<p>&nbsp;<\/p>\n","protected":false},"excerpt":{"rendered":"<p>Bracciale in argento placcato con smalto a freddo colorato.<\/p>\n<p>Gioielli unici in argento fatti a mano.<\/p>\n<p>17,00 gr.<\/p>\n","protected":false},"featured_media":31993,"template":"","meta":[],"product_brand":[],"product_cat":[104],"product_tag":[],"class_list":{"0":"post-33987","1":"product","2":"type-product","3":"status-publish","4":"has-post-thumbnail","6":"product_cat-bracciali","8":"first","9":"instock","10":"taxable","11":"shipping-taxable","12":"purchasable","13":"product-type-simple"},"_links":{"self":[{"href":"https:\/\/metallaxis.gr\/it\/wp-json\/wp\/v2\/product\/33987","targetHints":{"allow":["GET"]}}],"collection":[{"href":"https:\/\/metallaxis.gr\/it\/wp-json\/wp\/v2\/product"}],"about":[{"href":"https:\/\/metallaxis.gr\/it\/wp-json\/wp\/v2\/types\/product"}],"wp:featuredmedia":[{"embeddable":true,"href":"https:\/\/metallaxis.gr\/it\/wp-json\/wp\/v2\/media\/31993"}],"wp:attachment":[{"href":"https:\/\/metallaxis.gr\/it\/wp-json\/wp\/v2\/media?parent=33987"}],"wp:term":[{"taxonomy":"product_brand","embeddable":true,"href":"https:\/\/metallaxis.gr\/it\/wp-json\/wp\/v2\/product_brand?post=33987"},{"taxonomy":"product_cat","embeddable":true,"href":"https:\/\/metallaxis.gr\/it\/wp-json\/wp\/v2\/product_cat?post=33987"},{"taxonomy":"product_tag","embeddable":true,"href":"https:\/\/metallaxis.gr\/it\/wp-json\/wp\/v2\/product_tag?post=33987"}],"curies":[{"name":"wp","href":"https:\/\/api.w.org\/{rel}","templated":true}]}}