{"id":34091,"date":"2020-04-28T17:00:39","date_gmt":"2020-04-28T17:00:39","guid":{"rendered":"https:\/\/metallaxis.gr\/product\/come-59\/"},"modified":"2020-04-28T17:00:39","modified_gmt":"2020-04-28T14:00:39","slug":"come-59","status":"publish","type":"product","link":"https:\/\/metallaxis.gr\/it\/prodotto\/come-59\/","title":{"rendered":"Come 59"},"content":{"rendered":"<div class=\"kvgmc6g5 cxmmr5t8 oygrvhab hcukyx3x c1et5uql ii04i59q\">\n<div dir=\"auto\">Ciondolo Come 59.<\/div>\n<div dir=\"auto\">Argento 925, placcato in platino.<\/div>\n<div dir=\"auto\">Catena placcata in argento e platino, lunghezza 60 \u03b5\u03ba\u03ba.<\/div>\n<div dir=\"auto\">Ciondolo in argento fatto a mano con onice nera della serie Like 59.<\/div>\n<div dir=\"auto\"><\/div>\n<div dir=\"auto\">\n<div dir=\"auto\">-L&#8217;onice \u00e8 una variet\u00e0 di agata, appartenente alla famiglia dei calcedoni.<\/div>\n<\/div>\n<\/div>\n<div class=\"o9v6fnle cxmmr5t8 oygrvhab hcukyx3x c1et5uql ii04i59q\">\n<div dir=\"auto\">Il nome \u00e8 di origine greca, dal greco antico onyx, che significa artiglio. Si riferisce alle lineazioni che compaiono sulle unghie di diversi animali. <\/div>\n<div dir=\"auto\"><\/div>\n<\/div>\n<div dir=\"auto\">-L&#8217;onice \u00e8 formato da bande di calcedonio con colori alternati.<\/div>\n<div dir=\"auto\"><\/div>\n<div dir=\"auto\">-La mitologia racconta che il dio Eros tagli\u00f2 con la sua freccia le unghie dei piedi della bellissima dea Afrodite mentre lei dormiva. I pezzi furono sparsi nella sabbia e in seguito le Parche, per proteggerli, li trasformarono in pietre che sarebbero rimaste immutate nel tempo.<\/div>\n<div dir=\"auto\"><\/div>\n<div dir=\"auto\">-Nel corso degli anni, l&#8217;Onice Nera \u00e8 stata utilizzata nell&#8217;Antica Grecia, a Roma, in Cina e in molti altri paesi per le sue propriet\u00e0 associate alla protezione e alla fertilit\u00e0. Si dice che persino la regina Cleopatra non abbia potuto resistere al suo fascino ineguagliabile.<\/div>\n<div dir=\"auto\"><\/div>\n<div dir=\"auto\">-L&#8217;onice \u00e8 una pietra preziosa che si trova in varie regioni del mondo, come Grecia, Yemen, Argentina, Brasile, Cina, Indonesia, Madagascar, Madagascar e cos\u00ec via.<\/div>\n<div class=\"o9v6fnle cxmmr5t8 oygrvhab hcukyx3x c1et5uql ii04i59q\">\n<div dir=\"auto\"><\/div>\n<div dir=\"auto\">-L&#8217;onice, secondo la tradizione, d\u00e0 forza! Scaccia la tristezza e rafforza l&#8217;autocontrollo. <\/div>\n<div dir=\"auto\"><\/div>\n<div dir=\"auto\">\n<div dir=\"auto\"><strong>*Tutti i nostri gioielli sono accompagnati da una certificazione di qualit\u00e0 e autenticit\u00e0 del metallo e delle pietre preziose o semipreziose.<\/strong><br \/>\n<strong>*La preparazione dei tuoi ordini avviene nel rispetto di tutte le norme sanitarie.<\/strong><\/div>\n<div dir=\"auto\"><strong>*Tutti i nostri gioielli sono privi di nichel.<\/strong><\/div>\n<\/div>\n<\/div>\n","protected":false},"excerpt":{"rendered":"<p>Ciondolo con catena in argento sterling 925, placcato in platino, con pietra minerale Black Onyx.<\/p>\n<p>Tutte le superfici sono laccate.<\/p>\n<p>Gioielli d&#8217;argento unici fatti a mano.<\/p>\n<p>&nbsp;<\/p>\n","protected":false},"featured_media":31969,"template":"","meta":[],"product_brand":[],"product_cat":[102],"product_tag":[],"class_list":{"0":"post-34091","1":"product","2":"type-product","3":"status-publish","4":"has-post-thumbnail","6":"product_cat-ciondoli-collane","8":"first","9":"instock","10":"taxable","11":"shipping-taxable","12":"purchasable","13":"product-type-simple"},"_links":{"self":[{"href":"https:\/\/metallaxis.gr\/it\/wp-json\/wp\/v2\/product\/34091","targetHints":{"allow":["GET"]}}],"collection":[{"href":"https:\/\/metallaxis.gr\/it\/wp-json\/wp\/v2\/product"}],"about":[{"href":"https:\/\/metallaxis.gr\/it\/wp-json\/wp\/v2\/types\/product"}],"wp:featuredmedia":[{"embeddable":true,"href":"https:\/\/metallaxis.gr\/it\/wp-json\/wp\/v2\/media\/31969"}],"wp:attachment":[{"href":"https:\/\/metallaxis.gr\/it\/wp-json\/wp\/v2\/media?parent=34091"}],"wp:term":[{"taxonomy":"product_brand","embeddable":true,"href":"https:\/\/metallaxis.gr\/it\/wp-json\/wp\/v2\/product_brand?post=34091"},{"taxonomy":"product_cat","embeddable":true,"href":"https:\/\/metallaxis.gr\/it\/wp-json\/wp\/v2\/product_cat?post=34091"},{"taxonomy":"product_tag","embeddable":true,"href":"https:\/\/metallaxis.gr\/it\/wp-json\/wp\/v2\/product_tag?post=34091"}],"curies":[{"name":"wp","href":"https:\/\/api.w.org\/{rel}","templated":true}]}}