{"id":34143,"date":"2020-08-21T17:37:16","date_gmt":"2020-08-21T17:37:16","guid":{"rendered":"https:\/\/metallaxis.gr\/product\/nuvole\/"},"modified":"2020-08-21T17:37:16","modified_gmt":"2020-08-21T14:37:16","slug":"nuvole","status":"publish","type":"product","link":"https:\/\/metallaxis.gr\/it\/prodotto\/nuvole\/","title":{"rendered":"Nuvole"},"content":{"rendered":"<p>Orecchini con le nuvole.<\/p>\n<div class=\"o9v6fnle cxmmr5t8 oygrvhab hcukyx3x c1et5uql ii04i59q\">\n<p>Argento 925 placcato in platino.<\/p>\n<p>Orecchini fatti a mano con perle della serie Clouds.<\/p>\n<\/div>\n<p>-Perla: La regina dell&#8217;oceano.<\/p>\n<div class=\"o9v6fnle cxmmr5t8 oygrvhab hcukyx3x c1et5uql ii04i59q\">\n<div dir=\"auto\">-Il nome deriva dall&#8217;antica parola greca \"marmairo\" che significa brillare ed era dedicato alla vista di Afrodite.<\/div>\n<div dir=\"auto\"><\/div>\n<div dir=\"auto\">-E mentre le pietre preziose si trovano nelle viscere della terra, le perle si trovano in fondo al mare, nel cuore di un organismo vivente.<\/div>\n<div dir=\"auto\">La perla \u00e8 un materiale duro che viene prodotto dai tessuti molli dei molluschi vivi dotati di conchiglia! Quando un granello di sabbia o un parassita penetra nella conchiglia di un&#8217;ostrica, questa viene disturbata. L&#8217;ostrica, non riuscendo a scacciare l&#8217;intruso, produce intorno a s\u00e9 una sostanza cristallina liscia e dura chiamata margarina (carbonato di calcio) per proteggersi. Finch\u00e9 l&#8217;invasore rimane l\u00ec, la conchiglia continua a produrre strati di questa sostanza fino a quando, dopo alcuni anni, rimane intrappolata all&#8217;interno di una perla liscia e lucente.   <\/div>\n<div dir=\"auto\"><\/div>\n<div dir=\"auto\">-Le perle pi\u00f9 preziose si formano spontaneamente in natura, ma sono molto rare. Le perle selvatiche sono chiamate perle naturali. Le perle coltivate provengono da molluschi perliferi, come ostriche e cozze.  <\/div>\n<div dir=\"auto\"><\/div>\n<div dir=\"auto\">-A seconda dell&#8217;ostrica, del crostaceo, delle condizioni dell&#8217;acqua e dell&#8217;invasore, le perle assumono un colore diverso. Di solito si trovano in vari colori e sfumature di argento, oro, blu, crema, rosa, verde, ma anche bianco e nero. <\/div>\n<div dir=\"auto\"><\/div>\n<\/div>\n<div class=\"o9v6fnle cxmmr5t8 oygrvhab hcukyx3x c1et5uql ii04i59q\">\n<div dir=\"auto\"><strong>*Tutti i nostri gioielli sono accompagnati da una certificazione di qualit\u00e0 e autenticit\u00e0 del metallo e delle pietre preziose o semipreziose.<\/strong><\/div>\n<div dir=\"auto\"><strong>*Covid19: La preparazione dei tuoi ordini avviene nel rispetto di tutte le regole sanitarie.<\/strong><\/div>\n<div dir=\"auto\"><strong>*Tutti i nostri gioielli sono privi di nichel.<\/strong><\/div>\n<\/div>\n<p>&nbsp;<\/p>\n","protected":false},"excerpt":{"rendered":"<p>Orecchini in argento placcato con perle.<\/p>\n<p>Gioielli unici in argento fatti a mano.<\/p>\n<p>15,00 gr.<\/p>\n<p>&nbsp;<\/p>\n","protected":false},"featured_media":32103,"template":"","meta":[],"product_brand":[],"product_cat":[101],"product_tag":[],"class_list":{"0":"post-34143","1":"product","2":"type-product","3":"status-publish","4":"has-post-thumbnail","6":"product_cat-orecchini","8":"first","9":"instock","10":"taxable","11":"shipping-taxable","12":"purchasable","13":"product-type-simple"},"_links":{"self":[{"href":"https:\/\/metallaxis.gr\/it\/wp-json\/wp\/v2\/product\/34143","targetHints":{"allow":["GET"]}}],"collection":[{"href":"https:\/\/metallaxis.gr\/it\/wp-json\/wp\/v2\/product"}],"about":[{"href":"https:\/\/metallaxis.gr\/it\/wp-json\/wp\/v2\/types\/product"}],"wp:featuredmedia":[{"embeddable":true,"href":"https:\/\/metallaxis.gr\/it\/wp-json\/wp\/v2\/media\/32103"}],"wp:attachment":[{"href":"https:\/\/metallaxis.gr\/it\/wp-json\/wp\/v2\/media?parent=34143"}],"wp:term":[{"taxonomy":"product_brand","embeddable":true,"href":"https:\/\/metallaxis.gr\/it\/wp-json\/wp\/v2\/product_brand?post=34143"},{"taxonomy":"product_cat","embeddable":true,"href":"https:\/\/metallaxis.gr\/it\/wp-json\/wp\/v2\/product_cat?post=34143"},{"taxonomy":"product_tag","embeddable":true,"href":"https:\/\/metallaxis.gr\/it\/wp-json\/wp\/v2\/product_tag?post=34143"}],"curies":[{"name":"wp","href":"https:\/\/api.w.org\/{rel}","templated":true}]}}